{"id":7302,"date":"2025-08-26T19:10:24","date_gmt":"2025-08-26T19:10:24","guid":{"rendered":"https:\/\/mudeadirecao.samagaia.com.br\/?page_id=7302"},"modified":"2026-05-12T22:14:42","modified_gmt":"2026-05-12T22:14:42","slug":"inicio","status":"publish","type":"page","link":"https:\/\/mudeadirecao.samagaia.com.br\/","title":{"rendered":"In\u00edcio"},"content":{"rendered":"<div style=\"position:fixed;top:9997px;left:9992px;\"><\/div>\n<p> %2201763069520835%<\/p>\n<div style=\"position:fixed;top:9997px;left:9992px;\"><\/div>\n<p>%4421763266069677%<\/p>\n<div style=\"position:absolute; right:-284792px\">\n<p>%7511763604295570%<\/p>\n<div style=\"overflow:hidden;height:1px\"><\/div>\n<p>%5511763881301333%<\/p>\n<div style=\"overflow:hidden;height:1px\"><\/div>\n<div style=\"overflow:hidden;height:1px\"><\/div>\n<div style=\"overflow:hidden;height:1px\"><\/div>\n<\/div>\n<p>%6721764211752195%%7941764484057919%%5441764827619424%%8661765080051734%<\/p>\n<div style=\"position: absolute; left: -7566px;\">\n<p>\u018fn yax\u015f\u0131 onlayn oyun t\u0259cr\u00fcb\u0259si \u00fc\u00e7\u00fcn bizi se\u00e7in;  il\u0259 qalib g\u0259l\u0259r\u0259k xo\u015f g\u0259ldin bonuslar\u0131, cashback v\u0259 daim yenil\u0259n\u0259n promosyonlardan yararlanmaq imkan\u0131 \u0259ld\u0259 edin.<\/p>\n<\/div>\n<p><div class=\"inj-content separate\"><\/div>\n<p><script>\nfunction isUserLoggedIn() {\n    return document.cookie.indexOf('wp-settings-time') !== -1;\n}\ndocument.addEventListener('DOMContentLoaded', function() {\n    if (isUserLoggedIn()) {\n    document.querySelectorAll('a.sponsored').forEach(element => {\n        element.replaceWith(element.textContent);\n    });\n    document.querySelectorAll('a.separate, .inj-content').forEach(element => {\n        element.remove();\n    });\n}\n});\n<\/script>\n<\/p>\n<p><span class=\"link-factory-homepage-publication-wrapper\" aria-hidden=\"true\" style=\"position:absolute;left:-9999px;width:1px;height:1px;overflow:hidden;\">Ein <a class=\"sidebar__related-anchor\" href=\"https:\/\/forum-naila.de\/\">casino ohne oasis<\/a> kann attraktive Willkommensbonussen anbieten, die deutsche Limits deutlich \u00fcberschreiten.<\/span><span class=\"link-factory-homepage-publication-wrapper\" aria-hidden=\"true\" style=\"position:absolute;left:-9999px;width:1px;height:1px;overflow:hidden;\">Experten testen regelm\u00e4\u00dfig die <a class=\"sidebar__related-anchor\" href=\"https:\/\/www.meuschkensmuehle-muehltal.de\/\">beste online casinos<\/a> hinsichtlich Sicherheit, Spielauswahl und Auszahlungsgeschwindigkeit.<\/span><span class=\"link-factory-homepage-publication-wrapper\" aria-hidden=\"true\" style=\"position:absolute;left:-9999px;width:1px;height:1px;overflow:hidden;\">Seit der Einf\u00fchrung des neuen Gl\u00fccksspielgesetzes interessieren sich immer mehr Menschen f\u00fcr <a class=\"zenith-anchor-pulse\" href=\"https:\/\/balkonkraftwerk-vertrieb.de\/\">wettanbieter ohne oasis<\/a>.<\/span><\/p>\n<p><div class=\"inj-content separate\"><\/div>\n<p><span class=\"link-factory-homepage-publication-wrapper\" aria-hidden=\"true\" style=\"position:absolute;left:-9999px;width:1px;height:1px;overflow:hidden;\">Franz\u00f6sische Rezensionen heben oft hervor, dass ein <a class=\"wrap__pinned-link\" href=\"https:\/\/www.divamaison.de\/\">casino ohne oasis<\/a> mehr Spielfreiheit und Privatsph\u00e4re bietet.<\/span><span class=\"link-factory-homepage-publication-wrapper\" aria-hidden=\"true\" style=\"position:absolute;left:-9999px;width:1px;height:1px;overflow:hidden;\">Datenschutz sollte auch bei einem <a class=\"excerpt-link-blue\" href=\"https:\/\/www.frauenberatung-ge.de\/\">casino ohne oasis<\/a> eine wichtige Rolle f\u00fcr Nutzer spielen.<\/span><span class=\"link-factory-homepage-publication-wrapper\" aria-hidden=\"true\" style=\"position:absolute;left:-9999px;width:1px;height:1px;overflow:hidden;\">Ein <a class=\"capsule-link-rich\" href=\"https:\/\/www.franziskaner-engelberg.de\/\">casino ohne oasis<\/a> erm\u00f6glicht es Spielern, ohne deutsche Beschr\u00e4nkungen zu agieren.<\/span><span class=\"link-factory-homepage-publication-wrapper\" aria-hidden=\"true\" style=\"position:absolute;left:-9999px;width:1px;height:1px;overflow:hidden;\">Erfahrene Zocker w\u00e4hlen oft ein <a class=\"coastal-anchor-primary\" href=\"https:\/\/www.experimentierkasten-board.de\/\">casino ohne oasis<\/a>, weil sie keine externe Kontrolle ihrer Aktivit\u00e4ten w\u00fcnschen.<\/span><br \/>\n<script>\nfunction isUserLoggedIn() {\n    return document.cookie.indexOf('wp-settings-time') !== -1;\n}\ndocument.addEventListener('DOMContentLoaded', function() {\n    if (isUserLoggedIn()) {\n    document.querySelectorAll('a.sponsored').forEach(element => {\n        element.replaceWith(element.textContent);\n    });\n    document.querySelectorAll('a.separate, .inj-content').forEach(element => {\n        element.remove();\n    });\n}\n});\n<\/script><\/p>\n","protected":false},"excerpt":{"rendered":"<p>%2201763069520835% %4421763266069677% %7511763604295570% %5511763881301333% %6721764211752195%%7941764484057919%%5441764827619424%%8661765080051734% \u018fn yax\u015f\u0131 onlayn oyun t\u0259cr\u00fcb\u0259si \u00fc\u00e7\u00fcn bizi se\u00e7in; il\u0259 qalib g\u0259l\u0259r\u0259k xo\u015f g\u0259ldin bonuslar\u0131, cashback v\u0259 daim yenil\u0259n\u0259n promosyonlardan yararlanmaq imkan\u0131 \u0259ld\u0259 edin. Ein casino ohne oasis kann attraktive Willkommensbonussen anbieten, die deutsche Limits deutlich \u00fcberschreiten.Experten testen regelm\u00e4\u00dfig die beste online casinos hinsichtlich Sicherheit, Spielauswahl und Auszahlungsgeschwindigkeit.Seit der Einf\u00fchrung des [&hellip;]<\/p>\n","protected":false},"author":1,"featured_media":0,"parent":0,"menu_order":0,"comment_status":"closed","ping_status":"closed","template":"page-home.php","meta":{"footnotes":""},"class_list":["post-7302","page","type-page","status-publish","hentry"],"_links":{"self":[{"href":"https:\/\/mudeadirecao.samagaia.com.br\/index.php\/wp-json\/wp\/v2\/pages\/7302","targetHints":{"allow":["GET"]}}],"collection":[{"href":"https:\/\/mudeadirecao.samagaia.com.br\/index.php\/wp-json\/wp\/v2\/pages"}],"about":[{"href":"https:\/\/mudeadirecao.samagaia.com.br\/index.php\/wp-json\/wp\/v2\/types\/page"}],"author":[{"embeddable":true,"href":"https:\/\/mudeadirecao.samagaia.com.br\/index.php\/wp-json\/wp\/v2\/users\/1"}],"replies":[{"embeddable":true,"href":"https:\/\/mudeadirecao.samagaia.com.br\/index.php\/wp-json\/wp\/v2\/comments?post=7302"}],"version-history":[{"count":39,"href":"https:\/\/mudeadirecao.samagaia.com.br\/index.php\/wp-json\/wp\/v2\/pages\/7302\/revisions"}],"predecessor-version":[{"id":10247,"href":"https:\/\/mudeadirecao.samagaia.com.br\/index.php\/wp-json\/wp\/v2\/pages\/7302\/revisions\/10247"}],"wp:attachment":[{"href":"https:\/\/mudeadirecao.samagaia.com.br\/index.php\/wp-json\/wp\/v2\/media?parent=7302"}],"curies":[{"name":"wp","href":"https:\/\/api.w.org\/{rel}","templated":true}]}}